{"id":2,"date":"2013-02-21T15:07:18","date_gmt":"2013-02-21T15:07:18","guid":{"rendered":"http:\/\/haslebilservice.no\/?page_id=2"},"modified":"2023-06-01T08:37:33","modified_gmt":"2023-06-01T07:37:33","slug":"sample-page","status":"publish","type":"page","link":"http:\/\/haslebilservice.no\/?page_id=2","title":{"rendered":"Kontakt oss\/personvernekl\u00e6ring"},"content":{"rendered":"<p>Tlf. 63820477\/ 46962512<\/p>\n\n\n\n<p>e-post adresse: post@haslebilservice.no<\/p>\n\n\n\n<p><strong>Hos Hasle Bilservice as verner vi om din personlige integritet. Vi er s\u00e5 transparente som mulig i v\u00e5r h\u00e5ndtering av personopplysninger og etterstreber alltid et h\u00f8yt niv\u00e5 p\u00e5 datasikkerheten. Vi behandler ikke flere personopplysninger om deg enn det som er n\u00f8dvendig, og vi informerer om nye behandlinger f\u00f8r de gjennomf\u00f8res.<\/strong><\/p>\n\n\n\n<p><strong>Personvernekl\u00e6ring<\/strong><\/p>\n\n\n\n<p>Generelt om v\u00e5r h\u00e5ndtering av dine personopplysninger<br>Vi beskytter din personlige integritet. Derfor er vi s\u00e5 transparente som mulig i v\u00e5r h\u00e5ndtering av personopplysninger, og vi etterstreber alltid et h\u00f8yt niv\u00e5 p\u00e5 datasikkerheten. Vi behandler ikke flere personopplysninger<br>om deg enn det som er n\u00f8dvendig, og vi informerer om nye behandlinger f\u00f8r de gjennomf\u00f8res.<br>Denne personvernerkl\u00e6ringen er laget for \u00e5 beskrive hvordan vi behandler dine personopplysninger n\u00e5r du er<br>kunde hos oss, hvorfor de behandles, hvem vi eventuelt deler dem med, hvordan vi beskytter dem, hvilke<br>rettigheter du har og hvordan du ut\u00f8ver dem.<br>Om vi skulle ha behov for en behandling som ikke er absolutt n\u00f8dvendig, kommer vi, f\u00f8r behandlingen begynner,<br>til \u00e5 be om ditt samtykke til behandlingen. Takker du nei, er dine personopplysninger ikke med i behandlingen.<br>Takker du ja, har du alltid mulighet til \u00e5 trekke tilbake ditt samtykke. I s\u00e5 fall avslutter vi umiddelbart behandlingen.<br>Om det skulle inntreffe en negativ hendelse med dine personopplysninger, kommer vi s\u00e5 fort som mulig til<br>\u00e5 informere deg om det.<br><strong>Hvem er ansvarlig for dine personopplysninger? &#8211; Behandlingsansvarlig:<\/strong><\/p>\n\n\n\n<p>Hasle Bilservice as<\/p>\n\n\n\n<p>Org nr. 917593213<\/p>\n\n\n\n<p>Trondheimsvegen 648<\/p>\n\n\n\n<p>2040 Kl\u00f8fta<\/p>\n\n\n\n<p><em><strong>Personopplysninger du gir til oss, eller som vi samler inn om deg:<\/strong><\/em><br>\u2022 <strong>Navn<\/strong>: For- og etternavn<br>\u2022 <strong>Kontaktinformasjon<\/strong>: Adresse, e-postadresse og telefonnummer<br>\u2022 <strong>F\u00f8dselsdato<\/strong>: Gjelder bare faktura-kunder, for \u00f8vrig behandlinger vi ikke f\u00f8dselsdato<br>\u2022 <strong>Ordreinformasjon<\/strong>: Ordrehistorikk og informasjon om bestilte varer<br>\u2022 <strong>Kj\u00f8ret\u00f8yopplysninger<\/strong>: Registreringsnummer og bilmodell<br>\u2022 <strong>Informasjon om kj\u00f8ret\u00f8yet ditt<\/strong>: Kilometerstand og status p\u00e5 bilens komponenter og funksjoner<br>\u2022 <strong>Informasjon om kj\u00f8p og utf\u00f8rte tjenester<\/strong>: Kj\u00f8pte varer og tjenester, bel\u00f8p, sted, dato og betalingsm\u00e5te, rabatter,<br>informasjon om utf\u00f8rt reparasjon og service og kundeserviceinformasjon<br>\u2022 <strong>Informasjon om reklamasjoner og garantier<\/strong>: Informasjon om reklamasjonssak, informasjon om produktgaranti og informasjon om kj\u00f8pte varer<br><strong>Selskap<\/strong>:<br><strong>Organisasjonsnummer<\/strong>:<br><strong>Adresse<\/strong>:<br><strong>Postnummer og sted<\/strong>:<\/p>\n\n\n\n<p><em><strong>Personopplysninger som du gir til oss eller som vi genererer om deg som leverand\u00f8r:<\/strong><\/em><br>\u2022 <strong>Organisasjonsnummer<\/strong><br>\u2022 <strong>Kontaktinformasjon<\/strong>: Navn, stilling, adresse, e-postadresse og telefonnummer<br>\u2022 <strong>Betalingsinformasjon<\/strong>: Fakturainformasjon<br>Behandlingen av personopplysninger om leverand\u00f8r er n\u00f8dvendig for \u00e5 kunne oppfylle forpliktelser i avtalen med<br>leverand\u00f8ren.<br>Personopplysninger vi f\u00e5r fra tredjepart:<br>\u2022 <strong>Offentlig person- og kj\u00f8ret\u00f8yregiste<\/strong>r: Navn, kontaktinformasjon, kj\u00f8ret\u00f8yopplysninger, tilsynsresultater<br>(periodisk kj\u00f8ret\u00f8ykontroll\/EU-kontroll) og informasjon om eierskifte<br>\u2022 <strong>Selskap i konsernet<\/strong>: Navn, kontaktinformasjon, kj\u00f8ret\u00f8yinformasjon for mottak av informasjon om bestilling<br>av service eller reparasjon<br>\u2022 <strong>Selskaper som tilbyr betalingsl\u00f8sninger<\/strong> (banker og andre betalingstjenester): Informasjon om betalingsgodkjennelse<br>\u2022 <strong>Forsikringsselskap<\/strong>: Forsikringsinformasjon som gjelder ditt kj\u00f8ret\u00f8y<\/p>","protected":false},"excerpt":{"rendered":"<p>Tlf. 63820477\/ 46962512 e-post adresse: post@haslebilservice.no Hos Hasle Bilservice as verner vi om din personlige integritet. Vi er s\u00e5 transparente som mulig i v\u00e5r h\u00e5ndtering av personopplysninger og etterstreber alltid et h\u00f8yt niv\u00e5 p\u00e5 datasikkerheten. Vi behandler ikke flere personopplysninger om deg enn det som er n\u00f8dvendig, og vi informerer om nye behandlinger f\u00f8r de [&hellip;]<\/p>\n","protected":false},"author":1,"featured_media":0,"parent":0,"menu_order":0,"comment_status":"open","ping_status":"open","template":"","meta":[],"_links":{"self":[{"href":"http:\/\/haslebilservice.no\/index.php?rest_route=\/wp\/v2\/pages\/2"}],"collection":[{"href":"http:\/\/haslebilservice.no\/index.php?rest_route=\/wp\/v2\/pages"}],"about":[{"href":"http:\/\/haslebilservice.no\/index.php?rest_route=\/wp\/v2\/types\/page"}],"author":[{"embeddable":true,"href":"http:\/\/haslebilservice.no\/index.php?rest_route=\/wp\/v2\/users\/1"}],"replies":[{"embeddable":true,"href":"http:\/\/haslebilservice.no\/index.php?rest_route=%2Fwp%2Fv2%2Fcomments&post=2"}],"version-history":[{"count":4,"href":"http:\/\/haslebilservice.no\/index.php?rest_route=\/wp\/v2\/pages\/2\/revisions"}],"predecessor-version":[{"id":111,"href":"http:\/\/haslebilservice.no\/index.php?rest_route=\/wp\/v2\/pages\/2\/revisions\/111"}],"wp:attachment":[{"href":"http:\/\/haslebilservice.no\/index.php?rest_route=%2Fwp%2Fv2%2Fmedia&parent=2"}],"curies":[{"name":"wp","href":"https:\/\/api.w.org\/{rel}","templated":true}]}}